{"id":1465,"date":"2023-04-27T18:36:09","date_gmt":"2023-04-27T16:36:09","guid":{"rendered":"https:\/\/www.setar.il.pw.edu.pl\/?page_id=1465"},"modified":"2023-04-27T18:36:41","modified_gmt":"2023-04-27T16:36:41","slug":"ueber-das-projekt","status":"publish","type":"page","link":"https:\/\/www.setar.il.pw.edu.pl\/index.php\/de\/ueber-das-projekt\/","title":{"rendered":"\u00dcber das Projekt"},"content":{"rendered":"<p>ERASMUS+ Programm<br \/>\nKooperation f\u00fcr Innovation und den Austausch bew\u00e4hrter Verfahren<br \/>\nsetAR: Training f\u00fcr sichere Erdarbeiten mit Hilfe von Augmented Reality<\/p>\n<p>Die Europ\u00e4ische Kommission meint dazu: \u201cDie Bauindustrie ist f\u00fcr die EU-Wirtschaft sehr wichtig. Der Sektor bietet 20 Millionen direkte Arbeitspl\u00e4tze und tr\u00e4gt zu etwa 10 % des BIP der EU bei. Au\u00dferdem schafft sie neue Arbeitspl\u00e4tze, treibt das Wirtschaftswachstum an und bietet L\u00f6sungen f\u00fcr gesellschaftliche, klima- und energiepolitische Herausforderungen. Ziel der Europ\u00e4ischen Kommission ist es, den Sektor dabei zu unterst\u00fctzen, wettbewerbsf\u00e4higer, ressourcenschonender und nachhaltiger zu werden\u201d. Die Kommission nennt auch die wichtigsten Herausforderungen f\u00fcr das Baugewerbe. Zwei dieser Herausforderungen sind:<\/p>\n<ul>\n<li>Weiterbildung: Verbesserung der Fachausbildung und Steigerung der Attraktivit\u00e4t des Sektors, insbesondere f\u00fcr Arbeiter, Fachschulen und Universit\u00e4ten.<\/li>\n<li>Innovation: Verst\u00e4rkte \u00dcbernahme neuer Technologien.<\/li>\n<\/ul>\n<p>Das Projekt geht auf diese Bed\u00fcrfnisse ein, indem es innovative Schulungen mit Hilfe von Augmented Reality (AR)-Technologie anbietet. Ein weiteres wichtiges Thema ist der Gesundheitsschutz und die Sicherheit auf Baustellen. Bauarbeiten geh\u00f6ren nicht nur in Polen, sondern in der gesamten Europ\u00e4ischen Union zu den h\u00e4ufigsten Ursachen f\u00fcr schwere Unf\u00e4lle, oft mit Todesfolge. Da das menschliche Leben der wichtigste Wert ist, muss das Niveau der Sicherheit und des Gesundheitsschutzes unbedingt angehoben werden. Dieses Problem wurde in der europ\u00e4ischen Richtlinie 2001\/45\/EG aufgegriffen, die dazu verpflichtet, geeignete Ma\u00dfnahmen zur Verbesserung der Sicherheit und des Gesundheitsschutzes am Arbeitsplatz zu ergreifen.<\/p>\n<p>Das Projekt befasst sich mit Fragen der Sicherheit und des Gesundheitsschutzes, die sich aus der Notwendigkeit ergeben, Unf\u00e4lle auf Baustellen zu vermeiden. Diese Unf\u00e4lle werden haupts\u00e4chlich durch St\u00fcrze aus der H\u00f6he in Baugruben oder durch den unsachgem\u00e4\u00dfen Einsatz von schweren Maschinen und Sicherheitsma\u00dfnahmen auf der Baustelle verursacht. Erdarbeiten geh\u00f6ren zu den gef\u00e4hrlichsten Bauarbeiten \u00fcberhaupt. Einer der Hauptgr\u00fcnde daf\u00fcr ist, dass die derzeitigen Ausbildungsmethoden unzureichend sind. Wie Untersuchungen zeigen, sind die Arbeiter nicht an einer klassischen Weiterbildung interessiert. Der Einsatz von mobilen Ger\u00e4ten (Smartphones, Tablets), moderner AR-Technologie und unterst\u00fctzenden Mediendateien macht das setAR-Training viel interessanter und unvergesslicher.<\/p>\n<p>setAR orientiert sich am ET2020-Rahmen, indem es eine zeitgem\u00e4\u00dfe Berufsbildung entwickelt, die die Anpassung des Arbeitsmarktes an die Qualifikationsanforderungen gew\u00e4hrleistet. Es folgt auch der Initiative \u201cOpeningupEducation\u201d, die den Zugang zu Bildung durch OERs erweitert. Die Entwicklung von Kompetenzen durch das setAR-Training st\u00fctzt auch EU-Ma\u00dfnahmen wie das \u201cBurges-Kommuniqu\u00e9\u201d, \u201cBerufsbildung f\u00fcr mehr Qualifikationswachstum und Besch\u00e4ftigung\u201d und die \u201cAgenda f\u00fcr neue Kompetenzen und Arbeitspl\u00e4tze\u201d.<\/p>\n<p>Das Hauptziel des Projekts ist die Verringerung der Unfallzahlen bei Bauarbeiten, insbesondere bei Erdarbeiten. Um dieses Ziel zu erreichen, wird das Schulungssystem vorbereitet. Es wird Kenntnisse \u00fcber Erdarbeiten enthalten, mit besonderem Schwerpunkt auf der Effizienz der Arbeit und den Gesundheits- und Sicherheitsvorschriften.<\/p>\n<p>Aufgrund seines internationalen Inhalts (Pr\u00e4sentation von Verfahren aus den teilnehmenden L\u00e4ndern) und seiner Mehrsprachigkeit (die es den Nutzern erm\u00f6glicht, erdbauspezifisches Vokabular zu erlernen) wird das Projekt auch dazu beitragen, die Mobilit\u00e4t des Baupersonals zu verbessern.<\/p>\n<p>Das Projekt richtet sich an Bauingenieure, Bauarbeiter, Auszubildende im Baugewerbe, Baumanager, Interessenvertreter und Verb\u00e4nde im Bausektor, KMU und Unternehmen (Bausektor), Berufsbildungseinrichtungen und technische Hochschulen.<\/p>\n<p>ERGEBNISSE DES PROJEKTS:<\/p>\n<ul>\n<li>O1: Evidenzbasierte Lernergebnisse. Dieser Output umfasst Lernergebnisse zu Erdarbeiten, d. h. Aussagen dar\u00fcber, was die Lernenden nach Abschluss des SetAR-Trainings wissen, verstehen und tun k\u00f6nnen sollten, in Form von Definitionen spezifischer Kenntnisse, Fertigkeiten und Kompetenzen.<\/li>\n<li>O2: setAR Trainingssystem.<\/li>\n<li>O3: setAR Handbuch.<\/li>\n<li>O4: setAR Applikation (Software). Es ist vorgesehen, zwei Versionen der Anwendung f\u00fcr die beiden in der EU am weitesten verbreiteten Systeme f\u00fcr mobile Ger\u00e4te vorzubereiten: Android OS und iOS.<\/li>\n<li>O5: setAR AR-Marker.<\/li>\n<li>O6: setAR Schulungsfilme.<\/li>\n<\/ul>\n<p>&nbsp;<\/p>\n<p>Das Ziel dieser Ergebnisse ist die Entwicklung einer modernen, auf die sektoralen Bed\u00fcrfnisse zugeschnittenen Ausbildung im Bereich Erdbau, die in bestehende Berufsbildungsangebote integriert werden kann oder als eigenst\u00e4ndige Fortbildung f\u00fcr die europ\u00e4ische Gemeinschaft geeignet ist. Diese Ergebnisse werden den modernen Qualifikationsbedarf von Bauingenieuren, Bauarbeitern, Interessenvertretern und Verb\u00e4nden im Bausektor, KMUs und Unternehmen (Bausektor), Berufsbildungsanbietern und technischen Universit\u00e4ten ansprechen und ein solides, zuverl\u00e4ssiges und umfassendes p\u00e4dagogisches Instrument f\u00fcr Europa liefern.<\/p>\n<p>Die Partnerschaft des Projekts besteht aus:<\/p>\n<ul>\n<li>The Faculty of Civil Engineering, Warsaw University of Technology (WUT)<\/li>\n<li>Technische Universit\u00e4t Darmstadt (TUDA)<\/li>\n<li>Polish Association of Building Managers (PABM)<\/li>\n<li>Fundaci\u00f3n Laboral de la Construcci\u00f3n (FLC)<\/li>\n<li>Universitat de Valencia (UVEG)<\/li>\n<\/ul>\n<p>&nbsp;<\/p>\n<p>&nbsp;<\/p>\n","protected":false},"excerpt":{"rendered":"<p>ERASMUS+ Programm Kooperation f\u00fcr Innovation und den Austausch bew\u00e4hrter Verfahren setAR: Training f\u00fcr sichere Erdarbeiten mit Hilfe von Augmented Reality Die Europ\u00e4ische Kommission meint dazu: \u201cDie Bauindustrie ist f\u00fcr die EU-Wirtschaft sehr wichtig. Der Sektor bietet 20 Millionen direkte Arbeitspl\u00e4tze und tr\u00e4gt zu etwa 10 % des BIP der EU bei. Au\u00dferdem schafft sie neue &hellip; <a href=\"https:\/\/www.setar.il.pw.edu.pl\/index.php\/de\/ueber-das-projekt\/\" class=\"more-link\">Continue reading <span class=\"screen-reader-text\">\u00dcber das Projekt<\/span> <span class=\"meta-nav\">&rarr;<\/span><\/a><\/p>\n","protected":false},"author":1,"featured_media":0,"parent":0,"menu_order":0,"comment_status":"closed","ping_status":"closed","template":"","meta":{"ngg_post_thumbnail":0,"footnotes":""},"class_list":["post-1465","page","type-page","status-publish","hentry"],"_links":{"self":[{"href":"https:\/\/www.setar.il.pw.edu.pl\/index.php\/wp-json\/wp\/v2\/pages\/1465","targetHints":{"allow":["GET"]}}],"collection":[{"href":"https:\/\/www.setar.il.pw.edu.pl\/index.php\/wp-json\/wp\/v2\/pages"}],"about":[{"href":"https:\/\/www.setar.il.pw.edu.pl\/index.php\/wp-json\/wp\/v2\/types\/page"}],"author":[{"embeddable":true,"href":"https:\/\/www.setar.il.pw.edu.pl\/index.php\/wp-json\/wp\/v2\/users\/1"}],"replies":[{"embeddable":true,"href":"https:\/\/www.setar.il.pw.edu.pl\/index.php\/wp-json\/wp\/v2\/comments?post=1465"}],"version-history":[{"count":2,"href":"https:\/\/www.setar.il.pw.edu.pl\/index.php\/wp-json\/wp\/v2\/pages\/1465\/revisions"}],"predecessor-version":[{"id":1467,"href":"https:\/\/www.setar.il.pw.edu.pl\/index.php\/wp-json\/wp\/v2\/pages\/1465\/revisions\/1467"}],"wp:attachment":[{"href":"https:\/\/www.setar.il.pw.edu.pl\/index.php\/wp-json\/wp\/v2\/media?parent=1465"}],"curies":[{"name":"wp","href":"https:\/\/api.w.org\/{rel}","templated":true}]}}