{"id":1473,"date":"2023-04-27T18:40:47","date_gmt":"2023-04-27T16:40:47","guid":{"rendered":"https:\/\/www.setar.il.pw.edu.pl\/?page_id=1473"},"modified":"2023-04-27T18:40:47","modified_gmt":"2023-04-27T16:40:47","slug":"ergebnisse","status":"publish","type":"page","link":"https:\/\/www.setar.il.pw.edu.pl\/index.php\/de\/ergebnisse\/","title":{"rendered":"Ergebnisse"},"content":{"rendered":"<p>ERGEBNISSE DES PROJEKTS:<\/p>\n<ul>\n<li>O1: Evidenzbasierte Lernergebnisse. Dieser Output umfasst Lernergebnisse zu Erdarbeiten, d. h. Aussagen dar\u00fcber, was die Lernenden nach Abschluss des SetAR-Trainings wissen, verstehen und tun k\u00f6nnen sollten, in Form von Definitionen spezifischer Kenntnisse, Fertigkeiten und Kompetenzen.<\/li>\n<li>O2: setAR Trainingssystem.<\/li>\n<li>O3: setAR Handbuch.<\/li>\n<li>O4: setAR Applikation (Software). Es ist vorgesehen, zwei Versionen der Anwendung f\u00fcr die beiden in der EU am weitesten verbreiteten Systeme f\u00fcr mobile Ger\u00e4te vorzubereiten: Android OS und iOS.<\/li>\n<li>O5: setAR AR-Marker.<\/li>\n<li>O6: setAR Schulungsfilme.<\/li>\n<\/ul>\n","protected":false},"excerpt":{"rendered":"<p>ERGEBNISSE DES PROJEKTS: O1: Evidenzbasierte Lernergebnisse. Dieser Output umfasst Lernergebnisse zu Erdarbeiten, d. h. Aussagen dar\u00fcber, was die Lernenden nach Abschluss des SetAR-Trainings wissen, verstehen und tun k\u00f6nnen sollten, in Form von Definitionen spezifischer Kenntnisse, Fertigkeiten und Kompetenzen. O2: setAR Trainingssystem. O3: setAR Handbuch. O4: setAR Applikation (Software). Es ist vorgesehen, zwei Versionen der Anwendung &hellip; <a href=\"https:\/\/www.setar.il.pw.edu.pl\/index.php\/de\/ergebnisse\/\" class=\"more-link\">Continue reading <span class=\"screen-reader-text\">Ergebnisse<\/span> <span class=\"meta-nav\">&rarr;<\/span><\/a><\/p>\n","protected":false},"author":1,"featured_media":0,"parent":0,"menu_order":0,"comment_status":"closed","ping_status":"closed","template":"","meta":{"ngg_post_thumbnail":0,"footnotes":""},"class_list":["post-1473","page","type-page","status-publish","hentry"],"_links":{"self":[{"href":"https:\/\/www.setar.il.pw.edu.pl\/index.php\/wp-json\/wp\/v2\/pages\/1473","targetHints":{"allow":["GET"]}}],"collection":[{"href":"https:\/\/www.setar.il.pw.edu.pl\/index.php\/wp-json\/wp\/v2\/pages"}],"about":[{"href":"https:\/\/www.setar.il.pw.edu.pl\/index.php\/wp-json\/wp\/v2\/types\/page"}],"author":[{"embeddable":true,"href":"https:\/\/www.setar.il.pw.edu.pl\/index.php\/wp-json\/wp\/v2\/users\/1"}],"replies":[{"embeddable":true,"href":"https:\/\/www.setar.il.pw.edu.pl\/index.php\/wp-json\/wp\/v2\/comments?post=1473"}],"version-history":[{"count":1,"href":"https:\/\/www.setar.il.pw.edu.pl\/index.php\/wp-json\/wp\/v2\/pages\/1473\/revisions"}],"predecessor-version":[{"id":1474,"href":"https:\/\/www.setar.il.pw.edu.pl\/index.php\/wp-json\/wp\/v2\/pages\/1473\/revisions\/1474"}],"wp:attachment":[{"href":"https:\/\/www.setar.il.pw.edu.pl\/index.php\/wp-json\/wp\/v2\/media?parent=1473"}],"curies":[{"name":"wp","href":"https:\/\/api.w.org\/{rel}","templated":true}]}}