{"id":22,"date":"2016-11-22T17:10:14","date_gmt":"2016-11-22T16:10:14","guid":{"rendered":"http:\/\/www.setar.il.pw.edu.pl\/?page_id=22"},"modified":"2023-04-27T17:39:56","modified_gmt":"2023-04-27T15:39:56","slug":"do-pobrania","status":"publish","type":"page","link":"https:\/\/www.setar.il.pw.edu.pl\/index.php\/pl\/do-pobrania\/","title":{"rendered":"Rezultaty"},"content":{"rendered":"<p>REZULTATY INTELEKTUALNE PROJEKTU:<\/p>\n<ul>\n<li><a href=\"http:\/\/www.setar.il.pw.edu.pl\/index.php\/pl\/io1-potwierdzenie-wynikow-nauczania\/\">IO1: Potwierdzenie wynik\u00f3w nauczania.<\/a><\/li>\n<li><a href=\"http:\/\/www.setar.il.pw.edu.pl\/index.php\/pl\/io2-system-szkoleniowy-setar\/\">IO2: System szkoleniowy setAR.<\/a><\/li>\n<li><a href=\"http:\/\/www.setar.il.pw.edu.pl\/index.php\/pl\/io3-podrecznik-setar\/\">IO3: Podr\u0119cznik setAR.<\/a><\/li>\n<li><a href=\"http:\/\/www.setar.il.pw.edu.pl\/index.php\/pl\/io4-aplikacja-setar\/\">IO4: Aplikacja setAR na urz\u0105dzenia android OS i iOS.<\/a><\/li>\n<li><a href=\"http:\/\/www.setar.il.pw.edu.pl\/index.php\/pl\/io5-markery-setar-ar\/\">IO5: Markery setAR AR.<\/a><\/li>\n<li><a href=\"http:\/\/www.setar.il.pw.edu.pl\/index.php\/pl\/io6-filmy-instruktazowe-setar\/\">IO6: Filmy instrukta\u017cowe setAR.<\/a><\/li>\n<\/ul>\n<p>&nbsp;<br \/>\nZapraszamy do testowania rezultat\u00f3w setAR i dzielenia si\u0119 swoimi spostrze\u017ceniami <a href=\"https:\/\/www.setar.il.pw.edu.pl\/index.php\/pl\/ankieta\/\">pod tym linkiem.<\/a><\/p>\n<p>Dzi\u0119ki Pa\u0144stwa pomocy mo\u017cemy usprawnia\u0107 system setAR.<\/p>\n<p>&nbsp;<\/p>\n<p>W trakcie realizacji projektu opracowano tak\u017ce dodatkowe materia\u0142y.<\/p>\n<p><a href=\"http:\/\/www.setar.il.pw.edu.pl\/index.php\/pl\/materialy-dodatkowe\/\">S\u0105 one dost\u0119pne pod tym linkiem.<\/a><\/p>\n","protected":false},"excerpt":{"rendered":"<p>REZULTATY INTELEKTUALNE PROJEKTU: IO1: Potwierdzenie wynik\u00f3w nauczania. IO2: System szkoleniowy setAR. IO3: Podr\u0119cznik setAR. IO4: Aplikacja setAR na urz\u0105dzenia android OS i iOS. IO5: Markery setAR AR. IO6: Filmy instrukta\u017cowe setAR. &nbsp; Zapraszamy do testowania rezultat\u00f3w setAR i dzielenia si\u0119 swoimi spostrze\u017ceniami pod tym linkiem. Dzi\u0119ki Pa\u0144stwa pomocy mo\u017cemy usprawnia\u0107 system setAR. &nbsp; W trakcie &hellip; <a href=\"https:\/\/www.setar.il.pw.edu.pl\/index.php\/pl\/do-pobrania\/\" class=\"more-link\">Continue reading <span class=\"screen-reader-text\">Rezultaty<\/span> <span class=\"meta-nav\">&rarr;<\/span><\/a><\/p>\n","protected":false},"author":1,"featured_media":0,"parent":0,"menu_order":0,"comment_status":"closed","ping_status":"closed","template":"","meta":{"ngg_post_thumbnail":0,"footnotes":""},"class_list":["post-22","page","type-page","status-publish","hentry"],"_links":{"self":[{"href":"https:\/\/www.setar.il.pw.edu.pl\/index.php\/wp-json\/wp\/v2\/pages\/22","targetHints":{"allow":["GET"]}}],"collection":[{"href":"https:\/\/www.setar.il.pw.edu.pl\/index.php\/wp-json\/wp\/v2\/pages"}],"about":[{"href":"https:\/\/www.setar.il.pw.edu.pl\/index.php\/wp-json\/wp\/v2\/types\/page"}],"author":[{"embeddable":true,"href":"https:\/\/www.setar.il.pw.edu.pl\/index.php\/wp-json\/wp\/v2\/users\/1"}],"replies":[{"embeddable":true,"href":"https:\/\/www.setar.il.pw.edu.pl\/index.php\/wp-json\/wp\/v2\/comments?post=22"}],"version-history":[{"count":17,"href":"https:\/\/www.setar.il.pw.edu.pl\/index.php\/wp-json\/wp\/v2\/pages\/22\/revisions"}],"predecessor-version":[{"id":1461,"href":"https:\/\/www.setar.il.pw.edu.pl\/index.php\/wp-json\/wp\/v2\/pages\/22\/revisions\/1461"}],"wp:attachment":[{"href":"https:\/\/www.setar.il.pw.edu.pl\/index.php\/wp-json\/wp\/v2\/media?parent=22"}],"curies":[{"name":"wp","href":"https:\/\/api.w.org\/{rel}","templated":true}]}}